{"id":5754,"date":"2022-09-01T13:58:29","date_gmt":"2022-09-01T11:58:29","guid":{"rendered":"https:\/\/matolures.com\/?page_id=5754"},"modified":"2022-09-01T13:58:29","modified_gmt":"2022-09-01T11:58:29","slug":"complaints","status":"publish","type":"page","link":"https:\/\/matolures.com\/sr\/complaints\/","title":{"rendered":"Reklamacije (prigovor)"},"content":{"rendered":"<p>U slu\u010daju uo\u010denih nepravilnosti nakon prijema po\u0161iljke, reklamaciju (prigovor) na naru\u010dene proizvode mo\u017eete uputiti slanjem mejla na internet stanicu www.matolures.com. Da biste re\u0161ili Va\u0161u reklamaciju (reklamaciju), potrebno je da po\u0161aljete ra\u010dun kao potvrdu o kupovini proizvoda, zajedno sa fotografijama proizvoda koji ogla\u0161avate.<\/p>\n<p>U slu\u010daju otkazivanja kupovine u roku od 14 (\u010detrnaest) dana od dana prijema robe, potrebno je da popunite Obrazac za otkazivanje i po\u0161aljete ga sa Zahtevom za povrac\u0301aj novca i kopijom ra\u010duna na mejl adresu: office@matolures .com. Tro\u0161kove vrac\u0301anja naru\u010denih proizvoda snosi Mato Lures, u Zahtevu za povrat navedite adresu za preuzimanje proizvoda koji \u017eelite da vratite. Mogu se vratiti samo neo\u0161tec\u0301eni i nekori\u0161c\u0301eni proizvodi. Mato Lures je du\u017ean da u najkrac\u0301em moguc\u0301em roku, a najkasnije u roku od 14 (\u010detrnaest) dana od dana prijema Zahteva za povrac\u0301aj, vrati Kupcu ceo uplac\u0301eni iznos.<\/p>","protected":false},"excerpt":{"rendered":"<p>In case of observed irregularities after receiving the shipment, you can make a complaint (objection) of the ordered products by sending us an email to the internet station www.matolures.com. In<\/p>","protected":false},"author":1,"featured_media":0,"parent":0,"menu_order":0,"comment_status":"closed","ping_status":"closed","template":"","meta":{"_acf_changed":false,"footnotes":""},"class_list":["post-5754","page","type-page","status-publish","hentry"],"acf":[],"_links":{"self":[{"href":"https:\/\/matolures.com\/sr\/wp-json\/wp\/v2\/pages\/5754","targetHints":{"allow":["GET"]}}],"collection":[{"href":"https:\/\/matolures.com\/sr\/wp-json\/wp\/v2\/pages"}],"about":[{"href":"https:\/\/matolures.com\/sr\/wp-json\/wp\/v2\/types\/page"}],"author":[{"embeddable":true,"href":"https:\/\/matolures.com\/sr\/wp-json\/wp\/v2\/users\/1"}],"replies":[{"embeddable":true,"href":"https:\/\/matolures.com\/sr\/wp-json\/wp\/v2\/comments?post=5754"}],"version-history":[{"count":1,"href":"https:\/\/matolures.com\/sr\/wp-json\/wp\/v2\/pages\/5754\/revisions"}],"predecessor-version":[{"id":5755,"href":"https:\/\/matolures.com\/sr\/wp-json\/wp\/v2\/pages\/5754\/revisions\/5755"}],"wp:attachment":[{"href":"https:\/\/matolures.com\/sr\/wp-json\/wp\/v2\/media?parent=5754"}],"curies":[{"name":"wp","href":"https:\/\/api.w.org\/{rel}","templated":true}]}}