{"id":5655,"date":"2022-04-28T15:54:06","date_gmt":"2022-04-28T13:54:06","guid":{"rendered":"https:\/\/matolures.com\/?page_id=5655"},"modified":"2022-04-28T15:57:41","modified_gmt":"2022-04-28T13:57:41","slug":"disclaimer","status":"publish","type":"page","link":"https:\/\/matolures.com\/sr\/disclaimer\/","title":{"rendered":"Odricanje od odgovornosti"},"content":{"rendered":"<div class=\"vc_row wpb_row vc_row-fluid\"><div class=\"wpb_column vc_column_container vc_col-sm-3 vc_col-has-fill\"><div class=\"vc_column-inner vc_custom_1651149346663\"><div class=\"wpb_wrapper\">\n\t<div class=\"wpb_text_column wpb_content_element\" >\n\t\t<div class=\"wpb_wrapper\">\n\t\t\t<p style=\"text-align: center;\"><span style=\"color: #dda552;\">Ako ti je potrebna pomoc\u0301<\/span><br \/>\n<span style=\"color: #dda552;\">Mo\u017ee\u0161 nas kontaktirati <\/span><span style=\"color: #dda552;\">putem<\/span><br \/>\n<a href=\"mailto:office@matolures.com\">office@matolures.com<\/a><\/p>\n\n\t\t<\/div>\n\t<\/div>\n<div class=\"vc_empty_space\"   style=\"height: 32px\"><span class=\"vc_empty_space_inner\"><\/span><\/div>\n\t<div  class=\"wpb_single_image wpb_content_element vc_align_center\">\n\t\t\n\t\t<figure class=\"wpb_wrapper vc_figure\">\n\t\t\t<div class=\"vc_single_image-wrapper   vc_box_border_grey\"><img loading=\"lazy\" decoding=\"async\" width=\"300\" height=\"138\" src=\"https:\/\/matolures.com\/wp-content\/uploads\/2022\/04\/logosmall-300x138-1-1.png\" class=\"vc_single_image-img attachment-full\" alt=\"\" title=\"logosmall-300x138-1\" \/><\/div>\n\t\t<\/figure>\n\t<\/div>\n\n\t<div class=\"wpb_text_column wpb_content_element\" >\n\t\t<div class=\"wpb_wrapper\">\n\t\t\t<p style=\"text-align: center;\"><span style=\"color: #dda552;\">Pratite nas na:<\/span><\/p>\n\n\t\t<\/div>\n\t<\/div>\n<div class=\"vc_row wpb_row vc_inner vc_row-fluid\"><div class=\"wpb_column vc_column_container vc_col-sm-6\"><div class=\"vc_column-inner\"><div class=\"wpb_wrapper\">\n\t<div class=\"wpb_text_column wpb_content_element\" >\n\t\t<div class=\"wpb_wrapper\">\n\t\t\t<p style=\"text-align: center;\"><a href=\"https:\/\/www.facebook.com\/Mato-lures-vobleri-836467336371251\/\" target=\"_blank\" rel=\"noopener\"><img loading=\"lazy\" decoding=\"async\" class=\"alignnone wp-image-5606\" src=\"https:\/\/matolures.com\/wp-content\/uploads\/2022\/04\/0-02-05-adebab431d14edb93586f706d17ea3a0a6f5a4fb769c1d45fc7667427834ebf9_3db95dd92c5c53b5.png\" alt=\"\" width=\"30\" height=\"30\" \/><\/a><\/p>\n\n\t\t<\/div>\n\t<\/div>\n<\/div><\/div><\/div><div class=\"wpb_column vc_column_container vc_col-sm-6\"><div class=\"vc_column-inner\"><div class=\"wpb_wrapper\">\n\t<div class=\"wpb_text_column wpb_content_element\" >\n\t\t<div class=\"wpb_wrapper\">\n\t\t\t<p><a href=\"https:\/\/www.instagram.com\/matolures\/\" target=\"_blank\" rel=\"noopener\"><img loading=\"lazy\" decoding=\"async\" class=\"alignnone wp-image-5605 aligncenter\" src=\"https:\/\/matolures.com\/wp-content\/uploads\/2022\/04\/0-02-05-c58e3dbcf86df585ff4dff3404703455bae46e95945a69ec2021c1a67df0df66_6a648387fc5ca44e.png\" alt=\"\" width=\"30\" height=\"30\" \/><\/a><\/p>\n\n\t\t<\/div>\n\t<\/div>\n<\/div><\/div><\/div><\/div><\/div><\/div><\/div><div class=\"wpb_column vc_column_container vc_col-sm-9\"><div class=\"vc_column-inner\"><div class=\"wpb_wrapper\">\n\t<div class=\"wpb_text_column wpb_content_element\" >\n\t\t<div class=\"wpb_wrapper\">\n\t\t\t<p>Mato Lures maksimalno koristi sve svoje resurse da vam poka\u017ee sve artikle na ovom sajtu sa ta\u010dnim nazivima, specifikacijama, fotografijama i cenama. Me\u0111utim, ne mo\u017eemo garantovati da su sve informacije i fotografije artikala na ovom sajtu potpuno ta\u010dne.<\/p>\n<p>Dostupnost ure\u0111aja prikazanog na veb lokaciji mo\u017ee se razlikovati u zavisnosti od stanja zaliha. Ta\u010dan status zaliha, tj. dostupnost se mo\u017ee utvrditi tra\u017eenjem e-po\u0161te. Mo\u017eete nas kontaktirati putem e-po\u0161te<span style=\"color: #dda552;\"> <a style=\"color: #dda552;\" href=\"mailto:office@matolures.com\">office@matolures.com<\/a><\/span><\/p>\n\n\t\t<\/div>\n\t<\/div>\n<div class=\"vc_empty_space\"   style=\"height: 32px\"><span class=\"vc_empty_space_inner\"><\/span><\/div>\n\t<div class=\"wpb_raw_code wpb_content_element wpb_raw_html\" >\n\t\t<div class=\"wpb_wrapper\">\n\t\t\t<style>\nbody {\n    font-size: 16px;\n    font-weight: 400;\n    line-height: 1.714;\n}\n<\/style>\n\t\t<\/div>\n\t<\/div>\n<\/div><\/div><\/div><\/div>","protected":false},"excerpt":{"rendered":"If you need help You can contact us to email office@matolures.com Follow us on: Mato Lures makes the most of all its resources to show you all the items on","protected":false},"author":1,"featured_media":0,"parent":0,"menu_order":0,"comment_status":"closed","ping_status":"closed","template":"","meta":{"_acf_changed":false,"footnotes":""},"class_list":["post-5655","page","type-page","status-publish","hentry"],"acf":[],"_links":{"self":[{"href":"https:\/\/matolures.com\/sr\/wp-json\/wp\/v2\/pages\/5655","targetHints":{"allow":["GET"]}}],"collection":[{"href":"https:\/\/matolures.com\/sr\/wp-json\/wp\/v2\/pages"}],"about":[{"href":"https:\/\/matolures.com\/sr\/wp-json\/wp\/v2\/types\/page"}],"author":[{"embeddable":true,"href":"https:\/\/matolures.com\/sr\/wp-json\/wp\/v2\/users\/1"}],"replies":[{"embeddable":true,"href":"https:\/\/matolures.com\/sr\/wp-json\/wp\/v2\/comments?post=5655"}],"version-history":[{"count":3,"href":"https:\/\/matolures.com\/sr\/wp-json\/wp\/v2\/pages\/5655\/revisions"}],"predecessor-version":[{"id":5659,"href":"https:\/\/matolures.com\/sr\/wp-json\/wp\/v2\/pages\/5655\/revisions\/5659"}],"wp:attachment":[{"href":"https:\/\/matolures.com\/sr\/wp-json\/wp\/v2\/media?parent=5655"}],"curies":[{"name":"wp","href":"https:\/\/api.w.org\/{rel}","templated":true}]}}